{"id":1139,"date":"2025-03-13T12:47:30","date_gmt":"2025-03-13T10:47:30","guid":{"rendered":"https:\/\/35x.de\/?page_id=1139"},"modified":"2025-03-31T10:47:54","modified_gmt":"2025-03-31T08:47:54","slug":"digital-strategy","status":"publish","type":"page","link":"https:\/\/35x.de\/en\/services\/digital-transformation\/digital-strategy\/","title":{"rendered":"Digital strategy"},"content":{"rendered":"<div data-elementor-type=\"wp-page\" data-elementor-id=\"1139\" class=\"elementor elementor-1139\">\n\t\t\t\t<div class=\"elementor-element elementor-element-d644a9e e-flex e-con-boxed e-con e-parent\" data-id=\"d644a9e\" data-element_type=\"container\">\n\t\t\t\t\t<div class=\"e-con-inner\">\n\t\t\t\t<div class=\"elementor-element elementor-element-ee279b4 elementor-widget elementor-widget-heading\" data-id=\"ee279b4\" data-element_type=\"widget\" data-widget_type=\"heading.default\">\n\t\t\t\t<div class=\"elementor-widget-container\">\n\t\t\t\t\t<h1 class=\"elementor-heading-title elementor-size-default\">Digital strategy<\/h1>\t\t\t\t<\/div>\n\t\t\t\t<\/div>\n\t\t\t\t\t<\/div>\n\t\t\t\t<\/div>\n\t\t<div class=\"elementor-element elementor-element-caa3a67 e-flex e-con-boxed e-con e-parent\" data-id=\"caa3a67\" data-element_type=\"container\">\n\t\t\t\t\t<div class=\"e-con-inner\">\n\t\t<div class=\"elementor-element elementor-element-14444f8 e-con-full e-flex e-con e-child\" data-id=\"14444f8\" data-element_type=\"container\">\n\t\t\t\t<div class=\"elementor-element elementor-element-06d22ee elementor-widget elementor-widget-text-editor\" data-id=\"06d22ee\" data-element_type=\"widget\" data-widget_type=\"text-editor.default\">\n\t\t\t\t<div class=\"elementor-widget-container\">\n\t\t\t\t\t\t\t\t\t<p>\u00a0Digital transformation is not a one-off project, but a continuous process. A clear digital strategy is the compass that guides you through the ever-changing digital landscape. At 35x, we understand that every business is unique. That's why we offer you more than just standard solutions - we are your sparring partner, helping you to develop and evaluate the optimal digital strategy for your specific goals and challenges.<\/p>\t\t\t\t\t\t\t\t<\/div>\n\t\t\t\t<\/div>\n\t\t\t\t<\/div>\n\t\t<div class=\"elementor-element elementor-element-82d520b e-con-full e-flex e-con e-child\" data-id=\"82d520b\" data-element_type=\"container\">\n\t\t\t\t<div class=\"elementor-element elementor-element-a80ad7e elementor-widget elementor-widget-image\" data-id=\"a80ad7e\" data-element_type=\"widget\" data-widget_type=\"image.default\">\n\t\t\t\t<div class=\"elementor-widget-container\">\n\t\t\t\t\t\t\t\t\t\t\t\t\t\t\t<img fetchpriority=\"high\" decoding=\"async\" width=\"1024\" height=\"1024\" src=\"https:\/\/35x.de\/wp-content\/uploads\/2025\/03\/digitale-strategie-1024x1024.jpg\" class=\"attachment-large size-large wp-image-1502\" alt=\"Digital strategy\" srcset=\"https:\/\/35x.de\/wp-content\/uploads\/2025\/03\/digitale-strategie-1024x1024.jpg 1024w, https:\/\/35x.de\/wp-content\/uploads\/2025\/03\/digitale-strategie-300x300.jpg 300w, https:\/\/35x.de\/wp-content\/uploads\/2025\/03\/digitale-strategie-150x150.jpg 150w, https:\/\/35x.de\/wp-content\/uploads\/2025\/03\/digitale-strategie-768x768.jpg 768w, https:\/\/35x.de\/wp-content\/uploads\/2025\/03\/digitale-strategie-1536x1536.jpg 1536w, https:\/\/35x.de\/wp-content\/uploads\/2025\/03\/digitale-strategie-12x12.jpg 12w, https:\/\/35x.de\/wp-content\/uploads\/2025\/03\/digitale-strategie.jpg 2048w\" sizes=\"(max-width: 1024px) 100vw, 1024px\" \/>\t\t\t\t\t\t\t\t\t\t\t\t\t\t\t<\/div>\n\t\t\t\t<\/div>\n\t\t\t\t<\/div>\n\t\t\t\t\t<\/div>\n\t\t\t\t<\/div>\n\t\t<div class=\"elementor-element elementor-element-90587bd e-flex e-con-boxed e-con e-parent\" data-id=\"90587bd\" data-element_type=\"container\">\n\t\t\t\t\t<div class=\"e-con-inner\">\n\t\t\t\t<div class=\"elementor-element elementor-element-12b8210 elementor-widget elementor-widget-heading\" data-id=\"12b8210\" data-element_type=\"widget\" data-widget_type=\"heading.default\">\n\t\t\t\t<div class=\"elementor-widget-container\">\n\t\t\t\t\t<h3 class=\"elementor-heading-title elementor-size-default\">What can we do for them?<\/h3>\t\t\t\t<\/div>\n\t\t\t\t<\/div>\n\t\t\t\t\t<\/div>\n\t\t\t\t<\/div>\n\t\t<div class=\"elementor-element elementor-element-5b59ffb e-flex e-con-boxed e-con e-parent\" data-id=\"5b59ffb\" data-element_type=\"container\">\n\t\t\t\t\t<div class=\"e-con-inner\">\n\t\t\t\t<div class=\"elementor-element elementor-element-9a4889a e-n-tabs-mobile elementor-widget elementor-widget-n-tabs\" data-id=\"9a4889a\" data-element_type=\"widget\" data-settings=\"{&quot;horizontal_scroll&quot;:&quot;disable&quot;}\" data-widget_type=\"nested-tabs.default\">\n\t\t\t\t<div class=\"elementor-widget-container\">\n\t\t\t\t\t\t\t<div class=\"e-n-tabs\" data-widget-number=\"161777818\" aria-label=\"Tabs. Open items with Enter or Space, close with Escape and navigate using the Arrow keys.\" data-no-translation-aria-label=\"\">\n\t\t\t<div class=\"e-n-tabs-heading\" role=\"tablist\">\n\t\t\t\t\t<button id=\"e-n-tab-title-1617778181\" data-tab-title-id=\"e-n-tab-title-1617778181\" class=\"e-n-tab-title\" aria-selected=\"true\" data-tab-index=\"1\" role=\"tab\" tabindex=\"0\" aria-controls=\"e-n-tab-content-1617778181\" style=\"--n-tabs-title-order: 1;\">\n\t\t\t\t\t\t<span class=\"e-n-tab-title-text\">\n\t\t\t\tStrategy development\t\t\t<\/span>\n\t\t<\/button>\n\t\t\t\t<button id=\"e-n-tab-title-1617778182\" data-tab-title-id=\"e-n-tab-title-1617778182\" class=\"e-n-tab-title\" aria-selected=\"false\" data-tab-index=\"2\" role=\"tab\" tabindex=\"-1\" aria-controls=\"e-n-tab-content-1617778182\" style=\"--n-tabs-title-order: 2;\">\n\t\t\t\t\t\t<span class=\"e-n-tab-title-text\">\n\t\t\t\tScenario analysis\t\t\t<\/span>\n\t\t<\/button>\n\t\t\t\t<button id=\"e-n-tab-title-1617778183\" data-tab-title-id=\"e-n-tab-title-1617778183\" class=\"e-n-tab-title\" aria-selected=\"false\" data-tab-index=\"3\" role=\"tab\" tabindex=\"-1\" aria-controls=\"e-n-tab-content-1617778183\" style=\"--n-tabs-title-order: 3;\">\n\t\t\t\t\t\t<span class=\"e-n-tab-title-text\">\n\t\t\t\tTechnology consulting\t\t\t<\/span>\n\t\t<\/button>\n\t\t\t\t<button id=\"e-n-tab-title-1617778184\" data-tab-title-id=\"e-n-tab-title-1617778184\" class=\"e-n-tab-title\" aria-selected=\"false\" data-tab-index=\"4\" role=\"tab\" tabindex=\"-1\" aria-controls=\"e-n-tab-content-1617778184\" style=\"--n-tabs-title-order: 4;\">\n\t\t\t\t\t\t<span class=\"e-n-tab-title-text\">\n\t\t\t\tRoadmap creation\t\t\t<\/span>\n\t\t<\/button>\n\t\t\t\t<button id=\"e-n-tab-title-1617778185\" data-tab-title-id=\"e-n-tab-title-1617778185\" class=\"e-n-tab-title\" aria-selected=\"false\" data-tab-index=\"5\" role=\"tab\" tabindex=\"-1\" aria-controls=\"e-n-tab-content-1617778185\" style=\"--n-tabs-title-order: 5;\">\n\t\t\t\t\t\t<span class=\"e-n-tab-title-text\">\n\t\t\t\tChange management\t\t\t<\/span>\n\t\t<\/button>\n\t\t\t\t\t<\/div>\n\t\t\t<div class=\"e-n-tabs-content\">\n\t\t\t\t<div id=\"e-n-tab-content-1617778181\" role=\"tabpanel\" aria-labelledby=\"e-n-tab-title-1617778181\" data-tab-index=\"1\" style=\"--n-tabs-title-order: 1;\" class=\"e-active elementor-element elementor-element-b13cfee e-con-full e-flex e-con e-child\" data-id=\"b13cfee\" data-element_type=\"container\">\n\t\t<div class=\"elementor-element elementor-element-16b3ff1 e-flex e-con-boxed e-con e-child\" data-id=\"16b3ff1\" data-element_type=\"container\">\n\t\t\t\t\t<div class=\"e-con-inner\">\n\t\t\t\t<div class=\"elementor-element elementor-element-d6c0a05 elementor-widget elementor-widget-text-editor\" data-id=\"d6c0a05\" data-element_type=\"widget\" data-widget_type=\"text-editor.default\">\n\t\t\t\t<div class=\"elementor-widget-container\">\n\t\t\t\t\t\t\t\t\t<ul><li style=\"list-style-type: none;\"><ul><li>We support you in developing a customized digital strategy that aligns your business goals with the opportunities of the digital world. We analyze your current situation, identify opportunities and challenges and define clear goals for your digital transformation.<\/li><li>Our approach is holistic: we consider not only technological aspects, but also organizational, cultural and economic factors in order to develop a strategy that is successful in the long term.<\/li><\/ul><\/li><\/ul>\t\t\t\t\t\t\t\t<\/div>\n\t\t\t\t<\/div>\n\t\t\t\t\t<\/div>\n\t\t\t\t<\/div>\n\t\t\t\t<\/div>\n\t\t<div id=\"e-n-tab-content-1617778182\" role=\"tabpanel\" aria-labelledby=\"e-n-tab-title-1617778182\" data-tab-index=\"2\" style=\"--n-tabs-title-order: 2;\" class=\"elementor-element elementor-element-532092f e-con-full e-flex e-con e-child\" data-id=\"532092f\" data-element_type=\"container\">\n\t\t\t\t<div class=\"elementor-element elementor-element-6744acd elementor-widget elementor-widget-text-editor\" data-id=\"6744acd\" data-element_type=\"widget\" data-widget_type=\"text-editor.default\">\n\t\t\t\t<div class=\"elementor-widget-container\">\n\t\t\t\t\t\t\t\t\t<ul><li style=\"list-style-type: none;\"><ul><li>Together, we develop various strategy scenarios to identify the best possible approach for your company. We analyze the advantages and disadvantages of each scenario in detail and evaluate the potential impact on your company in terms of costs, risks and opportunities.<\/li><li>This structured scenario analysis enables you to make informed decisions and select the digital strategy that best suits your individual needs and framework conditions.<\/li><\/ul><\/li><\/ul>\t\t\t\t\t\t\t\t<\/div>\n\t\t\t\t<\/div>\n\t\t\t\t<\/div>\n\t\t<div id=\"e-n-tab-content-1617778183\" role=\"tabpanel\" aria-labelledby=\"e-n-tab-title-1617778183\" data-tab-index=\"3\" style=\"--n-tabs-title-order: 3;\" class=\"elementor-element elementor-element-334055a e-con-full e-flex e-con e-child\" data-id=\"334055a\" data-element_type=\"container\">\n\t\t\t\t<div class=\"elementor-element elementor-element-dc399f1 elementor-widget elementor-widget-text-editor\" data-id=\"dc399f1\" data-element_type=\"widget\" data-widget_type=\"text-editor.default\">\n\t\t\t\t<div class=\"elementor-widget-container\">\n\t\t\t\t\t\t\t\t\t<ul><li style=\"list-style-type: none;\"><ul><li>We help you select the right technologies to effectively implement your digital strategy. With so many technologies available, it is crucial to identify the right tools and platforms for your specific requirements.<\/li><li>Our experts have extensive knowledge of the technology market and can provide you with independent, expert advice on the selection of cloud solutions, software applications and other technologies that will drive your digital transformation.<\/li><\/ul><\/li><\/ul>\t\t\t\t\t\t\t\t<\/div>\n\t\t\t\t<\/div>\n\t\t\t\t<\/div>\n\t\t<div id=\"e-n-tab-content-1617778184\" role=\"tabpanel\" aria-labelledby=\"e-n-tab-title-1617778184\" data-tab-index=\"4\" style=\"--n-tabs-title-order: 4;\" class=\"elementor-element elementor-element-65b444e e-flex e-con-boxed e-con e-child\" data-id=\"65b444e\" data-element_type=\"container\">\n\t\t\t\t\t<div class=\"e-con-inner\">\n\t\t\t\t<div class=\"elementor-element elementor-element-7eb5d65 elementor-widget elementor-widget-text-editor\" data-id=\"7eb5d65\" data-element_type=\"widget\" data-widget_type=\"text-editor.default\">\n\t\t\t\t<div class=\"elementor-widget-container\">\n\t\t\t\t\t\t\t\t\t<ul><li style=\"list-style-type: none;\"><ul><li>We develop a clear roadmap for the implementation of your digital strategy, with concrete milestones and measurable goals. This roadmap serves as a guideline for implementation and ensures that everyone involved has a common understanding of the goals and procedures.<\/li><li>The roadmap includes defining projects, allocating resources, setting timetables and implementing control mechanisms to monitor progress and make adjustments where necessary.<\/li><\/ul><\/li><\/ul>\t\t\t\t\t\t\t\t<\/div>\n\t\t\t\t<\/div>\n\t\t\t\t\t<\/div>\n\t\t\t\t<\/div>\n\t\t<div id=\"e-n-tab-content-1617778185\" role=\"tabpanel\" aria-labelledby=\"e-n-tab-title-1617778185\" data-tab-index=\"5\" style=\"--n-tabs-title-order: 5;\" class=\"elementor-element elementor-element-93ebf80 e-flex e-con-boxed e-con e-child\" data-id=\"93ebf80\" data-element_type=\"container\">\n\t\t\t\t\t<div class=\"e-con-inner\">\n\t\t\t\t<div class=\"elementor-element elementor-element-0244a5b elementor-widget elementor-widget-text-editor\" data-id=\"0244a5b\" data-element_type=\"widget\" data-widget_type=\"text-editor.default\">\n\t\t\t\t<div class=\"elementor-widget-container\">\n\t\t\t\t\t\t\t\t\t<ul><li style=\"list-style-type: none;\"><ul><li>We support you in the organizational and cultural transformation that goes hand in hand with the implementation of a digital strategy. Digital transformation often requires changes to processes, structures and mindsets within the company.<\/li><li>Our change management approach includes involving employees, communicating change, training and developing skills and creating a culture that promotes innovation and agility.<\/li><\/ul><\/li><\/ul>\t\t\t\t\t\t\t\t<\/div>\n\t\t\t\t<\/div>\n\t\t\t\t\t<\/div>\n\t\t\t\t<\/div>\n\t\t\t\t\t<\/div>\n\t\t<\/div>\n\t\t\t\t\t\t<\/div>\n\t\t\t\t<\/div>\n\t\t\t\t\t<\/div>\n\t\t\t\t<\/div>\n\t\t<div class=\"elementor-element elementor-element-e8acaa9 e-flex e-con-boxed e-con e-parent\" data-id=\"e8acaa9\" data-element_type=\"container\">\n\t\t\t\t\t<div class=\"e-con-inner\">\n\t\t\t\t<div class=\"elementor-element elementor-element-fc440e9 elementor-widget elementor-widget-heading\" data-id=\"fc440e9\" data-element_type=\"widget\" data-widget_type=\"heading.default\">\n\t\t\t\t<div class=\"elementor-widget-container\">\n\t\t\t\t\t<h3 class=\"elementor-heading-title elementor-size-default\">Why 35x as your sparring partner?<\/h3>\t\t\t\t<\/div>\n\t\t\t\t<\/div>\n\t\t\t\t\t<\/div>\n\t\t\t\t<\/div>\n\t\t<div class=\"elementor-element elementor-element-984f734 e-flex e-con-boxed e-con e-parent\" data-id=\"984f734\" data-element_type=\"container\">\n\t\t\t\t\t<div class=\"e-con-inner\">\n\t\t<div class=\"elementor-element elementor-element-a7d134c e-con-full e-flex e-con e-child\" data-id=\"a7d134c\" data-element_type=\"container\">\n\t\t\t\t<div class=\"elementor-element elementor-element-bf9dd1b elementor-widget elementor-widget-image\" data-id=\"bf9dd1b\" data-element_type=\"widget\" data-widget_type=\"image.default\">\n\t\t\t\t<div class=\"elementor-widget-container\">\n\t\t\t\t\t\t\t\t\t\t\t\t\t\t\t<img decoding=\"async\" width=\"1024\" height=\"759\" src=\"https:\/\/35x.de\/wp-content\/uploads\/2025\/03\/digitale-strategie-1024x759.jpeg\" class=\"attachment-large size-large wp-image-1868\" alt=\"Digital strategy\" srcset=\"https:\/\/35x.de\/wp-content\/uploads\/2025\/03\/digitale-strategie-1024x759.jpeg 1024w, https:\/\/35x.de\/wp-content\/uploads\/2025\/03\/digitale-strategie-300x222.jpeg 300w, https:\/\/35x.de\/wp-content\/uploads\/2025\/03\/digitale-strategie-768x569.jpeg 768w, https:\/\/35x.de\/wp-content\/uploads\/2025\/03\/digitale-strategie-1536x1138.jpeg 1536w, https:\/\/35x.de\/wp-content\/uploads\/2025\/03\/digitale-strategie-16x12.jpeg 16w, https:\/\/35x.de\/wp-content\/uploads\/2025\/03\/digitale-strategie.jpeg 2014w\" sizes=\"(max-width: 1024px) 100vw, 1024px\" \/>\t\t\t\t\t\t\t\t\t\t\t\t\t\t\t<\/div>\n\t\t\t\t<\/div>\n\t\t\t\t<\/div>\n\t\t<div class=\"elementor-element elementor-element-c3aab3f e-con-full e-flex e-con e-child\" data-id=\"c3aab3f\" data-element_type=\"container\">\n\t\t\t\t<div class=\"elementor-element elementor-element-0c824bf elementor-widget elementor-widget-text-editor\" data-id=\"0c824bf\" data-element_type=\"widget\" data-widget_type=\"text-editor.default\">\n\t\t\t\t<div class=\"elementor-widget-container\">\n\t\t\t\t\t\t\t\t\t<ul>\n<li><strong>Expertise:<\/strong> Our team has extensive experience in developing and implementing digital strategies for companies in various industries.<\/li>\n<li><strong>Independence:<\/strong> We are not tied to any particular technology provider and advise you objectively - always with a focus on the best solution for your company.<\/li>\n<li><strong>Partnership approach:<\/strong> We see ourselves as your partner and work closely with you to find the best solution for your company.<\/li>\n<li><strong>Focus on results:<\/strong> Our goal is not just a strategy on paper, but real, measurable progress that makes your business more efficient, agile and future-proof. We help you achieve tangible business results through your digital strategy.<\/li>\n<\/ul>\n<p>With 35x, you can rely on a partner who not only designs your digital strategy, but also successfully implements it together with you.<\/p>\t\t\t\t\t\t\t\t<\/div>\n\t\t\t\t<\/div>\n\t\t\t\t<\/div>\n\t\t\t\t\t<\/div>\n\t\t\t\t<\/div>\n\t\t<div class=\"elementor-element elementor-element-afd8e11 e-flex e-con-boxed e-con e-parent\" data-id=\"afd8e11\" data-element_type=\"container\">\n\t\t\t\t\t<div class=\"e-con-inner\">\n\t\t\t\t<div class=\"elementor-element elementor-element-eb36b47 elementor-widget elementor-widget-text-editor\" data-id=\"eb36b47\" data-element_type=\"widget\" data-widget_type=\"text-editor.default\">\n\t\t\t\t<div class=\"elementor-widget-container\">\n\t\t\t\t\t\t\t\t\t<p>Would you like to learn more about our services? Here you can find more information about our offerings in the areas of <a href=\"https:\/\/35x.de\/en\/services\/cloud-management\/\">Cloud Management<\/a> and an overview of our services in the area of <a href=\"https:\/\/35x.de\/en\/services\/cloud-migration\/\">Cloud Migration<\/a>.<\/p><p>We offer customized solutions tailored to your individual needs. Contact us today to learn more about our services in the area of <a href=\"https:\/\/35x.de\/en\/services\/digital-transformation\/\">digital transformation<\/a> !<\/p>\t\t\t\t\t\t\t\t<\/div>\n\t\t\t\t<\/div>\n\t\t\t\t\t<\/div>\n\t\t\t\t<\/div>\n\t\t<div class=\"elementor-element elementor-element-8f1a961 e-flex e-con-boxed e-con e-parent\" data-id=\"8f1a961\" data-element_type=\"container\">\n\t\t\t\t\t<div class=\"e-con-inner\">\n\t\t\t\t<div class=\"elementor-element elementor-element-c77e727 elementor-align-center elementor-widget elementor-widget-button\" data-id=\"c77e727\" data-element_type=\"widget\" data-widget_type=\"button.default\">\n\t\t\t\t<div class=\"elementor-widget-container\">\n\t\t\t\t\t\t\t\t\t<div class=\"elementor-button-wrapper\">\n\t\t\t\t\t<a class=\"elementor-button elementor-button-link elementor-size-sm\" href=\"https:\/\/35x.de\/en\/contact\/\">\n\t\t\t\t\t\t<span class=\"elementor-button-content-wrapper\">\n\t\t\t\t\t\t\t\t\t<span class=\"elementor-button-text\">Schedule an Appointment<\/span>\n\t\t\t\t\t<\/span>\n\t\t\t\t\t<\/a>\n\t\t\t\t<\/div>\n\t\t\t\t\t\t\t\t<\/div>\n\t\t\t\t<\/div>\n\t\t\t\t\t<\/div>\n\t\t\t\t<\/div>\n\t\t\t\t<\/div>","protected":false},"excerpt":{"rendered":"<p>Digital strategy Digital transformation is not a one-off project, but a continuous process. A clear digital strategy is the compass that guides you through the ever-changing digital landscape. At 35x, we understand that every business is unique. That's why we offer you more than just standard solutions - we are your sparring partner to help you [...]<\/p>","protected":false},"author":2,"featured_media":1145,"parent":20,"menu_order":0,"comment_status":"closed","ping_status":"closed","template":"","meta":{"_uag_custom_page_level_css":"","site-sidebar-layout":"no-sidebar","site-content-layout":"","ast-site-content-layout":"default","site-content-style":"default","site-sidebar-style":"default","ast-global-header-display":"","ast-banner-title-visibility":"","ast-main-header-display":"","ast-hfb-above-header-display":"","ast-hfb-below-header-display":"","ast-hfb-mobile-header-display":"","site-post-title":"disabled","ast-breadcrumbs-content":"","ast-featured-img":"","footer-sml-layout":"","theme-transparent-header-meta":"","adv-header-id-meta":"","stick-header-meta":"","header-above-stick-meta":"","header-main-stick-meta":"","header-below-stick-meta":"","astra-migrate-meta-layouts":"default","ast-page-background-enabled":"default","ast-page-background-meta":{"desktop":{"background-color":"var(--ast-global-color-5)","background-image":"","background-repeat":"repeat","background-position":"center center","background-size":"auto","background-attachment":"scroll","background-type":"","background-media":"","overlay-type":"","overlay-color":"","overlay-opacity":"","overlay-gradient":""},"tablet":{"background-color":"","background-image":"","background-repeat":"repeat","background-position":"center center","background-size":"auto","background-attachment":"scroll","background-type":"","background-media":"","overlay-type":"","overlay-color":"","overlay-opacity":"","overlay-gradient":""},"mobile":{"background-color":"","background-image":"","background-repeat":"repeat","background-position":"center center","background-size":"auto","background-attachment":"scroll","background-type":"","background-media":"","overlay-type":"","overlay-color":"","overlay-opacity":"","overlay-gradient":""}},"ast-content-background-meta":{"desktop":{"background-color":"var(--ast-global-color-4)","background-image":"","background-repeat":"repeat","background-position":"center center","background-size":"auto","background-attachment":"scroll","background-type":"","background-media":"","overlay-type":"","overlay-color":"","overlay-opacity":"","overlay-gradient":""},"tablet":{"background-color":"var(--ast-global-color-4)","background-image":"","background-repeat":"repeat","background-position":"center center","background-size":"auto","background-attachment":"scroll","background-type":"","background-media":"","overlay-type":"","overlay-color":"","overlay-opacity":"","overlay-gradient":""},"mobile":{"background-color":"var(--ast-global-color-4)","background-image":"","background-repeat":"repeat","background-position":"center center","background-size":"auto","background-attachment":"scroll","background-type":"","background-media":"","overlay-type":"","overlay-color":"","overlay-opacity":"","overlay-gradient":""}},"footnotes":""},"class_list":["post-1139","page","type-page","status-publish","has-post-thumbnail","hentry"],"uagb_featured_image_src":{"full":["https:\/\/35x.de\/wp-content\/uploads\/2025\/03\/g1fe6678766c5bd9b3dcd8ff119f5f733b134a665bdcab24a5818375883d7cde977ab2b2335828c35f44147ebbcb96b1efb12d949670faa00102578a0657ef6d2_1280-2565835.jpg",1280,961,false],"thumbnail":["https:\/\/35x.de\/wp-content\/uploads\/2025\/03\/g1fe6678766c5bd9b3dcd8ff119f5f733b134a665bdcab24a5818375883d7cde977ab2b2335828c35f44147ebbcb96b1efb12d949670faa00102578a0657ef6d2_1280-2565835-150x150.jpg",150,150,true],"medium":["https:\/\/35x.de\/wp-content\/uploads\/2025\/03\/g1fe6678766c5bd9b3dcd8ff119f5f733b134a665bdcab24a5818375883d7cde977ab2b2335828c35f44147ebbcb96b1efb12d949670faa00102578a0657ef6d2_1280-2565835-300x225.jpg",300,225,true],"medium_large":["https:\/\/35x.de\/wp-content\/uploads\/2025\/03\/g1fe6678766c5bd9b3dcd8ff119f5f733b134a665bdcab24a5818375883d7cde977ab2b2335828c35f44147ebbcb96b1efb12d949670faa00102578a0657ef6d2_1280-2565835-768x577.jpg",768,577,true],"large":["https:\/\/35x.de\/wp-content\/uploads\/2025\/03\/g1fe6678766c5bd9b3dcd8ff119f5f733b134a665bdcab24a5818375883d7cde977ab2b2335828c35f44147ebbcb96b1efb12d949670faa00102578a0657ef6d2_1280-2565835-1024x769.jpg",1024,769,true],"1536x1536":["https:\/\/35x.de\/wp-content\/uploads\/2025\/03\/g1fe6678766c5bd9b3dcd8ff119f5f733b134a665bdcab24a5818375883d7cde977ab2b2335828c35f44147ebbcb96b1efb12d949670faa00102578a0657ef6d2_1280-2565835.jpg",1280,961,false],"2048x2048":["https:\/\/35x.de\/wp-content\/uploads\/2025\/03\/g1fe6678766c5bd9b3dcd8ff119f5f733b134a665bdcab24a5818375883d7cde977ab2b2335828c35f44147ebbcb96b1efb12d949670faa00102578a0657ef6d2_1280-2565835.jpg",1280,961,false],"trp-custom-language-flag":["https:\/\/35x.de\/wp-content\/uploads\/2025\/03\/g1fe6678766c5bd9b3dcd8ff119f5f733b134a665bdcab24a5818375883d7cde977ab2b2335828c35f44147ebbcb96b1efb12d949670faa00102578a0657ef6d2_1280-2565835-16x12.jpg",16,12,true]},"uagb_author_info":{"display_name":"Susanne Lau","author_link":"https:\/\/35x.de\/en\/author\/sl\/"},"uagb_comment_info":0,"uagb_excerpt":"Digitale Strategie \u00a0Die digitale Transformation ist kein einmaliges Projekt, sondern ein kontinuierlicher Prozess. Eine klare digitale Strategie ist der Kompass, der Sie durch die sich st\u00e4ndig ver\u00e4ndernde digitale Landschaft f\u00fchrt. Bei 35x verstehen wir, dass jedes Unternehmen einzigartig ist. Deshalb bieten wir Ihnen mehr als nur Standardl\u00f6sungen \u2013 wir sind Ihr Sparringspartner, der Ihnen hilft,&hellip;","_links":{"self":[{"href":"https:\/\/35x.de\/en\/wp-json\/wp\/v2\/pages\/1139","targetHints":{"allow":["GET"]}}],"collection":[{"href":"https:\/\/35x.de\/en\/wp-json\/wp\/v2\/pages"}],"about":[{"href":"https:\/\/35x.de\/en\/wp-json\/wp\/v2\/types\/page"}],"author":[{"embeddable":true,"href":"https:\/\/35x.de\/en\/wp-json\/wp\/v2\/users\/2"}],"replies":[{"embeddable":true,"href":"https:\/\/35x.de\/en\/wp-json\/wp\/v2\/comments?post=1139"}],"version-history":[{"count":39,"href":"https:\/\/35x.de\/en\/wp-json\/wp\/v2\/pages\/1139\/revisions"}],"predecessor-version":[{"id":3249,"href":"https:\/\/35x.de\/en\/wp-json\/wp\/v2\/pages\/1139\/revisions\/3249"}],"up":[{"embeddable":true,"href":"https:\/\/35x.de\/en\/wp-json\/wp\/v2\/pages\/20"}],"wp:featuredmedia":[{"embeddable":true,"href":"https:\/\/35x.de\/en\/wp-json\/wp\/v2\/media\/1145"}],"wp:attachment":[{"href":"https:\/\/35x.de\/en\/wp-json\/wp\/v2\/media?parent=1139"}],"curies":[{"name":"wp","href":"https:\/\/api.w.org\/{rel}","templated":true}]}}