{"id":1166,"date":"2025-03-13T14:59:48","date_gmt":"2025-03-13T12:59:48","guid":{"rendered":"https:\/\/35x.de\/?page_id=1166"},"modified":"2025-03-31T16:01:25","modified_gmt":"2025-03-31T14:01:25","slug":"process-optimization","status":"publish","type":"page","link":"https:\/\/35x.de\/en\/services\/digital-transformation\/process-optimization\/","title":{"rendered":"Business process optimization"},"content":{"rendered":"<div data-elementor-type=\"wp-page\" data-elementor-id=\"1166\" class=\"elementor elementor-1166\">\n\t\t\t\t<div class=\"elementor-element elementor-element-e60ac59 e-flex e-con-boxed e-con e-parent\" data-id=\"e60ac59\" data-element_type=\"container\" data-e-type=\"container\">\n\t\t\t\t\t<div class=\"e-con-inner\">\n\t\t\t\t<div class=\"elementor-element elementor-element-1c19eab elementor-widget elementor-widget-heading\" data-id=\"1c19eab\" data-element_type=\"widget\" data-e-type=\"widget\" data-widget_type=\"heading.default\">\n\t\t\t\t<div class=\"elementor-widget-container\">\n\t\t\t\t\t<h1 class=\"elementor-heading-title elementor-size-default\">Business process optimization through digital transformation<\/h1>\t\t\t\t<\/div>\n\t\t\t\t<\/div>\n\t\t\t\t\t<\/div>\n\t\t\t\t<\/div>\n\t\t<div class=\"elementor-element elementor-element-d8d9564 e-flex e-con-boxed e-con e-parent\" data-id=\"d8d9564\" data-element_type=\"container\" data-e-type=\"container\">\n\t\t\t\t\t<div class=\"e-con-inner\">\n\t\t<div class=\"elementor-element elementor-element-f482ce6 e-con-full e-flex e-con e-child\" data-id=\"f482ce6\" data-element_type=\"container\" data-e-type=\"container\">\n\t\t\t\t<div class=\"elementor-element elementor-element-8287be9 elementor-widget elementor-widget-image\" data-id=\"8287be9\" data-element_type=\"widget\" data-e-type=\"widget\" data-widget_type=\"image.default\">\n\t\t\t\t<div class=\"elementor-widget-container\">\n\t\t\t\t\t\t\t\t\t\t\t\t\t\t\t<img fetchpriority=\"high\" decoding=\"async\" width=\"682\" height=\"1024\" src=\"https:\/\/35x.de\/wp-content\/uploads\/2025\/03\/geschaftsprozessoptimierung-682x1024.jpg\" class=\"attachment-large size-large wp-image-1179\" alt=\"Business process optimization\" srcset=\"https:\/\/35x.de\/wp-content\/uploads\/2025\/03\/geschaftsprozessoptimierung-682x1024.jpg 682w, https:\/\/35x.de\/wp-content\/uploads\/2025\/03\/geschaftsprozessoptimierung-200x300.jpg 200w, https:\/\/35x.de\/wp-content\/uploads\/2025\/03\/geschaftsprozessoptimierung-768x1152.jpg 768w, https:\/\/35x.de\/wp-content\/uploads\/2025\/03\/geschaftsprozessoptimierung-1024x1536.jpg 1024w, https:\/\/35x.de\/wp-content\/uploads\/2025\/03\/geschaftsprozessoptimierung-1365x2048.jpg 1365w, https:\/\/35x.de\/wp-content\/uploads\/2025\/03\/geschaftsprozessoptimierung-8x12.jpg 8w, https:\/\/35x.de\/wp-content\/uploads\/2025\/03\/geschaftsprozessoptimierung.jpg 1706w\" sizes=\"(max-width: 682px) 100vw, 682px\" \/>\t\t\t\t\t\t\t\t\t\t\t\t\t\t\t<\/div>\n\t\t\t\t<\/div>\n\t\t\t\t<\/div>\n\t\t<div class=\"elementor-element elementor-element-3c80ce2 e-con-full e-flex e-con e-child\" data-id=\"3c80ce2\" data-element_type=\"container\" data-e-type=\"container\">\n\t\t\t\t<div class=\"elementor-element elementor-element-28ad1d3 elementor-widget elementor-widget-text-editor\" data-id=\"28ad1d3\" data-element_type=\"widget\" data-e-type=\"widget\" data-widget_type=\"text-editor.default\">\n\t\t\t\t<div class=\"elementor-widget-container\">\n\t\t\t\t\t\t\t\t\t<p>Digital transformation offers companies unprecedented opportunities for business process optimization. By using modern technologies such as cloud computing, automation and data analysis, we can eliminate inefficiencies, reduce costs and increase the agility of your company. 35x helps you to fully exploit this potential and make your processes fit for the future.<\/p>\t\t\t\t\t\t\t\t<\/div>\n\t\t\t\t<\/div>\n\t\t\t\t<div class=\"elementor-element elementor-element-cd99ed2 elementor-widget elementor-widget-heading\" data-id=\"cd99ed2\" data-element_type=\"widget\" data-e-type=\"widget\" data-widget_type=\"heading.default\">\n\t\t\t\t<div class=\"elementor-widget-container\">\n\t\t\t\t\t<h4 class=\"elementor-heading-title elementor-size-default\">The challenges<\/h4>\t\t\t\t<\/div>\n\t\t\t\t<\/div>\n\t\t\t\t<div class=\"elementor-element elementor-element-fcbe73f elementor-widget elementor-widget-text-editor\" data-id=\"fcbe73f\" data-element_type=\"widget\" data-e-type=\"widget\" data-widget_type=\"text-editor.default\">\n\t\t\t\t<div class=\"elementor-widget-container\">\n\t\t\t\t\t\t\t\t\t<p>Many companies struggle with outdated systems, manual processes and a lack of transparency. This leads to:<\/p><ul><li><strong>High costs:<\/strong> Inefficient processes waste resources and drive up costs.<\/li><li><strong>Low agility:<\/strong> Rigid processes hinder the ability to react quickly to changes in the market.<\/li><li><strong>Lack of customer satisfaction:<\/strong> Slow and error-prone processes frustrate customers and damage your reputation.<\/li><\/ul>\t\t\t\t\t\t\t\t<\/div>\n\t\t\t\t<\/div>\n\t\t\t\t<\/div>\n\t\t\t\t\t<\/div>\n\t\t\t\t<\/div>\n\t\t<div class=\"elementor-element elementor-element-5c14741 e-flex e-con-boxed e-con e-parent\" data-id=\"5c14741\" data-element_type=\"container\" data-e-type=\"container\">\n\t\t\t\t\t<div class=\"e-con-inner\">\n\t\t\t\t<div class=\"elementor-element elementor-element-dc52d45 elementor-widget elementor-widget-heading\" data-id=\"dc52d45\" data-element_type=\"widget\" data-e-type=\"widget\" data-widget_type=\"heading.default\">\n\t\t\t\t<div class=\"elementor-widget-container\">\n\t\t\t\t\t<h2 class=\"elementor-heading-title elementor-size-default\">Our solution: Digital business process optimization<\/h2>\t\t\t\t<\/div>\n\t\t\t\t<\/div>\n\t\t\t\t\t<\/div>\n\t\t\t\t<\/div>\n\t\t<div class=\"elementor-element elementor-element-2d3780e e-flex e-con-boxed e-con e-parent\" data-id=\"2d3780e\" data-element_type=\"container\" data-e-type=\"container\">\n\t\t\t\t\t<div class=\"e-con-inner\">\n\t\t\t\t<div class=\"elementor-element elementor-element-aabe4fd elementor-widget elementor-widget-text-editor\" data-id=\"aabe4fd\" data-element_type=\"widget\" data-e-type=\"widget\" data-widget_type=\"text-editor.default\">\n\t\t\t\t<div class=\"elementor-widget-container\">\n\t\t\t\t\t\t\t\t\t<p>35x helps you to master these challenges and take your business processes to the next level. We offer:<\/p>\t\t\t\t\t\t\t\t<\/div>\n\t\t\t\t<\/div>\n\t\t\t\t<div class=\"elementor-element elementor-element-214cfff e-n-tabs-mobile elementor-widget elementor-widget-n-tabs\" data-id=\"214cfff\" data-element_type=\"widget\" data-e-type=\"widget\" data-settings=\"{&quot;horizontal_scroll&quot;:&quot;disable&quot;}\" data-widget_type=\"nested-tabs.default\">\n\t\t\t\t<div class=\"elementor-widget-container\">\n\t\t\t\t\t\t\t<div class=\"e-n-tabs\" data-widget-number=\"34918399\" aria-label=\"Tabs. Open items with Enter or Space, close with Escape and navigate using the Arrow keys.\" data-no-translation-aria-label=\"\">\n\t\t\t<div class=\"e-n-tabs-heading\" role=\"tablist\">\n\t\t\t\t\t<button id=\"e-n-tab-title-349183991\" data-tab-title-id=\"e-n-tab-title-349183991\" class=\"e-n-tab-title\" aria-selected=\"true\" data-tab-index=\"1\" role=\"tab\" tabindex=\"0\" aria-controls=\"e-n-tab-content-349183991\" style=\"--n-tabs-title-order: 1;\">\n\t\t\t\t\t\t<span class=\"e-n-tab-title-text\">\n\t\t\t\tProcess analysis and design\t\t\t<\/span>\n\t\t<\/button>\n\t\t\t\t<button id=\"e-n-tab-title-349183992\" data-tab-title-id=\"e-n-tab-title-349183992\" class=\"e-n-tab-title\" aria-selected=\"false\" data-tab-index=\"2\" role=\"tab\" tabindex=\"-1\" aria-controls=\"e-n-tab-content-349183992\" style=\"--n-tabs-title-order: 2;\">\n\t\t\t\t\t\t<span class=\"e-n-tab-title-text\">\n\t\t\t\tAutomation\t\t\t<\/span>\n\t\t<\/button>\n\t\t\t\t<button id=\"e-n-tab-title-349183993\" data-tab-title-id=\"e-n-tab-title-349183993\" class=\"e-n-tab-title\" aria-selected=\"false\" data-tab-index=\"3\" role=\"tab\" tabindex=\"-1\" aria-controls=\"e-n-tab-content-349183993\" style=\"--n-tabs-title-order: 3;\">\n\t\t\t\t\t\t<span class=\"e-n-tab-title-text\">\n\t\t\t\tCloud-based solutions\t\t\t<\/span>\n\t\t<\/button>\n\t\t\t\t<button id=\"e-n-tab-title-349183994\" data-tab-title-id=\"e-n-tab-title-349183994\" class=\"e-n-tab-title\" aria-selected=\"false\" data-tab-index=\"4\" role=\"tab\" tabindex=\"-1\" aria-controls=\"e-n-tab-content-349183994\" style=\"--n-tabs-title-order: 4;\">\n\t\t\t\t\t\t<span class=\"e-n-tab-title-text\">\n\t\t\t\tData analysis and visualization\t\t\t<\/span>\n\t\t<\/button>\n\t\t\t\t<button id=\"e-n-tab-title-349183995\" data-tab-title-id=\"e-n-tab-title-349183995\" class=\"e-n-tab-title\" aria-selected=\"false\" data-tab-index=\"5\" role=\"tab\" tabindex=\"-1\" aria-controls=\"e-n-tab-content-349183995\" style=\"--n-tabs-title-order: 5;\">\n\t\t\t\t\t\t<span class=\"e-n-tab-title-text\">\n\t\t\t\tIntegration of systems\t\t\t<\/span>\n\t\t<\/button>\n\t\t\t\t\t<\/div>\n\t\t\t<div class=\"e-n-tabs-content\">\n\t\t\t\t<div id=\"e-n-tab-content-349183991\" role=\"tabpanel\" aria-labelledby=\"e-n-tab-title-349183991\" data-tab-index=\"1\" style=\"--n-tabs-title-order: 1;\" class=\"e-active elementor-element elementor-element-e497956 e-con-full e-flex e-con e-child\" data-id=\"e497956\" data-element_type=\"container\" data-e-type=\"container\">\n\t\t<div class=\"elementor-element elementor-element-881d08c e-flex e-con-boxed e-con e-child\" data-id=\"881d08c\" data-element_type=\"container\" data-e-type=\"container\">\n\t\t\t\t\t<div class=\"e-con-inner\">\n\t\t\t\t<div class=\"elementor-element elementor-element-57bc03b elementor-widget elementor-widget-text-editor\" data-id=\"57bc03b\" data-element_type=\"widget\" data-e-type=\"widget\" data-widget_type=\"text-editor.default\">\n\t\t\t\t<div class=\"elementor-widget-container\">\n\t\t\t\t\t\t\t\t\t<p>We start with a thorough analysis of your existing processes in order to develop a deep understanding of your current workflows. In doing so, we not only identify obvious weaknesses, but also hidden potential for improvement. Based on this analysis, we design optimized target processes that are tailored to your specific needs and goals. In doing so, we take into account both the increase in efficiency as well as the improvement of user-friendliness and the reduction of errors.<\/p>\t\t\t\t\t\t\t\t<\/div>\n\t\t\t\t<\/div>\n\t\t\t\t\t<\/div>\n\t\t\t\t<\/div>\n\t\t\t\t<\/div>\n\t\t<div id=\"e-n-tab-content-349183992\" role=\"tabpanel\" aria-labelledby=\"e-n-tab-title-349183992\" data-tab-index=\"2\" style=\"--n-tabs-title-order: 2;\" class=\"elementor-element elementor-element-0096778 e-con-full e-flex e-con e-child\" data-id=\"0096778\" data-element_type=\"container\" data-e-type=\"container\">\n\t\t\t\t<div class=\"elementor-element elementor-element-f24dedc elementor-widget elementor-widget-text-editor\" data-id=\"f24dedc\" data-element_type=\"widget\" data-e-type=\"widget\" data-widget_type=\"text-editor.default\">\n\t\t\t\t<div class=\"elementor-widget-container\">\n\t\t\t\t\t\t\t\t\t<p>We rely on intelligent automation to eliminate repetitive and manual tasks. By using technologies such as robotic process automation (RPA) and workflow automation, we can relieve your employees of routine tasks so that they can concentrate on value-adding activities. Automation not only leads to a significant increase in efficiency, but also reduces the error rate and speeds up the throughput times of your processes.<\/p>\t\t\t\t\t\t\t\t<\/div>\n\t\t\t\t<\/div>\n\t\t\t\t<\/div>\n\t\t<div id=\"e-n-tab-content-349183993\" role=\"tabpanel\" aria-labelledby=\"e-n-tab-title-349183993\" data-tab-index=\"3\" style=\"--n-tabs-title-order: 3;\" class=\"elementor-element elementor-element-dbf2e27 e-con-full e-flex e-con e-child\" data-id=\"dbf2e27\" data-element_type=\"container\" data-e-type=\"container\">\n\t\t\t\t<div class=\"elementor-element elementor-element-0ea6138 elementor-widget elementor-widget-text-editor\" data-id=\"0ea6138\" data-element_type=\"widget\" data-e-type=\"widget\" data-widget_type=\"text-editor.default\">\n\t\t\t\t<div class=\"elementor-widget-container\">\n\t\t\t\t\t\t\t\t\t<p>Moving business processes to the cloud offers a number of advantages. We support you in migrating your processes to a secure and scalable cloud environment. Cloud-based solutions enable greater flexibility as you can adapt resources as required. They also offer improved collaboration, as employees can access the data and applications they need from anywhere and at any time. In addition, you benefit from cost efficiency as you only pay for the resources you actually use.<\/p>\t\t\t\t\t\t\t\t<\/div>\n\t\t\t\t<\/div>\n\t\t\t\t<\/div>\n\t\t<div id=\"e-n-tab-content-349183994\" role=\"tabpanel\" aria-labelledby=\"e-n-tab-title-349183994\" data-tab-index=\"4\" style=\"--n-tabs-title-order: 4;\" class=\"elementor-element elementor-element-809e4ec e-flex e-con-boxed e-con e-child\" data-id=\"809e4ec\" data-element_type=\"container\" data-e-type=\"container\">\n\t\t\t\t\t<div class=\"e-con-inner\">\n\t\t\t\t<div class=\"elementor-element elementor-element-07ccec5 elementor-widget elementor-widget-text-editor\" data-id=\"07ccec5\" data-element_type=\"widget\" data-e-type=\"widget\" data-widget_type=\"text-editor.default\">\n\t\t\t\t<div class=\"elementor-widget-container\">\n\t\t\t\t\t\t\t\t\t<p>Data is the key to continuous process optimization. We help you to collect, analyse and visualize relevant data in order to gain valuable insights into your processes. By identifying bottlenecks, trends and patterns, we can derive targeted measures for optimization. We use modern data analysis tools and dashboards to give you a clear and concise overview of your process performance.<\/p>\t\t\t\t\t\t\t\t<\/div>\n\t\t\t\t<\/div>\n\t\t\t\t\t<\/div>\n\t\t\t\t<\/div>\n\t\t<div id=\"e-n-tab-content-349183995\" role=\"tabpanel\" aria-labelledby=\"e-n-tab-title-349183995\" data-tab-index=\"5\" style=\"--n-tabs-title-order: 5;\" class=\"elementor-element elementor-element-075c4cd e-flex e-con-boxed e-con e-child\" data-id=\"075c4cd\" data-element_type=\"container\" data-e-type=\"container\">\n\t\t\t\t\t<div class=\"e-con-inner\">\n\t\t\t\t<div class=\"elementor-element elementor-element-57e5a55 elementor-widget elementor-widget-text-editor\" data-id=\"57e5a55\" data-element_type=\"widget\" data-e-type=\"widget\" data-widget_type=\"text-editor.default\">\n\t\t\t\t<div class=\"elementor-widget-container\">\n\t\t\t\t\t\t\t\t\t<p>Seamless integration of your various IT systems is crucial for a smooth flow of information and a holistic view of your business processes. We ensure that your systems can communicate with each other and exchange data automatically. This eliminates data silos, reduces manual data entry and improves data quality. By integrating systems, we create an efficient and transparent IT landscape that optimally supports your business processes.<\/p>\t\t\t\t\t\t\t\t<\/div>\n\t\t\t\t<\/div>\n\t\t\t\t\t<\/div>\n\t\t\t\t<\/div>\n\t\t\t\t\t<\/div>\n\t\t<\/div>\n\t\t\t\t\t\t<\/div>\n\t\t\t\t<\/div>\n\t\t\t\t\t<\/div>\n\t\t\t\t<\/div>\n\t\t<div class=\"elementor-element elementor-element-7893cda e-flex e-con-boxed e-con e-parent\" data-id=\"7893cda\" data-element_type=\"container\" data-e-type=\"container\">\n\t\t\t\t\t<div class=\"e-con-inner\">\n\t\t<div class=\"elementor-element elementor-element-c88719c e-con-full e-flex e-con e-child\" data-id=\"c88719c\" data-element_type=\"container\" data-e-type=\"container\">\n\t\t\t\t<div class=\"elementor-element elementor-element-6c97f59 elementor-widget__width-initial elementor-widget elementor-widget-image\" data-id=\"6c97f59\" data-element_type=\"widget\" data-e-type=\"widget\" data-widget_type=\"image.default\">\n\t\t\t\t<div class=\"elementor-widget-container\">\n\t\t\t\t\t\t\t\t\t\t\t\t\t\t\t<img decoding=\"async\" width=\"683\" height=\"1024\" src=\"https:\/\/35x.de\/wp-content\/uploads\/2025\/03\/geschaftsprozessoptimierung-2-683x1024.jpg\" class=\"attachment-large size-large wp-image-1175\" alt=\"Business process optimization 2\" srcset=\"https:\/\/35x.de\/wp-content\/uploads\/2025\/03\/geschaftsprozessoptimierung-2-683x1024.jpg 683w, https:\/\/35x.de\/wp-content\/uploads\/2025\/03\/geschaftsprozessoptimierung-2-200x300.jpg 200w, https:\/\/35x.de\/wp-content\/uploads\/2025\/03\/geschaftsprozessoptimierung-2-768x1151.jpg 768w, https:\/\/35x.de\/wp-content\/uploads\/2025\/03\/geschaftsprozessoptimierung-2-1025x1536.jpg 1025w, https:\/\/35x.de\/wp-content\/uploads\/2025\/03\/geschaftsprozessoptimierung-2-1367x2048.jpg 1367w, https:\/\/35x.de\/wp-content\/uploads\/2025\/03\/geschaftsprozessoptimierung-2-8x12.jpg 8w, https:\/\/35x.de\/wp-content\/uploads\/2025\/03\/geschaftsprozessoptimierung-2.jpg 1708w\" sizes=\"(max-width: 683px) 100vw, 683px\" \/>\t\t\t\t\t\t\t\t\t\t\t\t\t\t\t<\/div>\n\t\t\t\t<\/div>\n\t\t\t\t<\/div>\n\t\t<div class=\"elementor-element elementor-element-3772ed0 e-con-full e-flex e-con e-child\" data-id=\"3772ed0\" data-element_type=\"container\" data-e-type=\"container\">\n\t\t\t\t<div class=\"elementor-element elementor-element-95fd9cd elementor-widget elementor-widget-heading\" data-id=\"95fd9cd\" data-element_type=\"widget\" data-e-type=\"widget\" data-widget_type=\"heading.default\">\n\t\t\t\t<div class=\"elementor-widget-container\">\n\t\t\t\t\t<h3 class=\"elementor-heading-title elementor-size-default\">Your advantages through business process optimization<\/h3>\t\t\t\t<\/div>\n\t\t\t\t<\/div>\n\t\t\t\t<div class=\"elementor-element elementor-element-558c17f elementor-widget elementor-widget-text-editor\" data-id=\"558c17f\" data-element_type=\"widget\" data-e-type=\"widget\" data-widget_type=\"text-editor.default\">\n\t\t\t\t<div class=\"elementor-widget-container\">\n\t\t\t\t\t\t\t\t\t<ul><li><strong>Increased efficiency:<\/strong> Automation and optimized processes reduce the time and resources required.<\/li><li><strong>Cost savings:<\/strong> More efficient processes lead to lower operating costs.<\/li><li><strong>Increased agility:<\/strong> Flexible and scalable processes enable you to react quickly to changes.<\/li><li><strong>Improved customer satisfaction:<\/strong> Fast and smooth processes ensure satisfied customers.<\/li><li><strong>Transparent processes:<\/strong> Data analysis and visualization give you a clear overview of your processes.<\/li><\/ul>\t\t\t\t\t\t\t\t<\/div>\n\t\t\t\t<\/div>\n\t\t\t\t<\/div>\n\t\t\t\t\t<\/div>\n\t\t\t\t<\/div>\n\t\t<div class=\"elementor-element elementor-element-74c139e e-flex e-con-boxed e-con e-parent\" data-id=\"74c139e\" data-element_type=\"container\" data-e-type=\"container\">\n\t\t\t\t\t<div class=\"e-con-inner\">\n\t\t\t\t<div class=\"elementor-element elementor-element-8b06c4d elementor-widget elementor-widget-text-editor\" data-id=\"8b06c4d\" data-element_type=\"widget\" data-e-type=\"widget\" data-widget_type=\"text-editor.default\">\n\t\t\t\t<div class=\"elementor-widget-container\">\n\t\t\t\t\t\t\t\t\t<p>Are you ready to take full advantage of digital transformation through business process optimization? Contact us for a no-obligation consultation. Together, we will develop a strategy that is perfectly tailored to your needs.<\/p>\t\t\t\t\t\t\t\t<\/div>\n\t\t\t\t<\/div>\n\t\t\t\t\t<\/div>\n\t\t\t\t<\/div>\n\t\t<div class=\"elementor-element elementor-element-d165670 e-flex e-con-boxed e-con e-parent\" data-id=\"d165670\" data-element_type=\"container\" data-e-type=\"container\">\n\t\t\t\t\t<div class=\"e-con-inner\">\n\t\t\t\t<div class=\"elementor-element elementor-element-c5d0561 elementor-widget elementor-widget-text-editor\" data-id=\"c5d0561\" data-element_type=\"widget\" data-e-type=\"widget\" data-widget_type=\"text-editor.default\">\n\t\t\t\t<div class=\"elementor-widget-container\">\n\t\t\t\t\t\t\t\t\t<p>Would you like to learn more about our services? Here you can find more information about our offerings in the areas of <a href=\"https:\/\/35x.de\/en\/services\/cloud-management\/\">Cloud Management<\/a> and an overview of our services in the area of <a href=\"https:\/\/35x.de\/en\/services\/cloud-migration\/\">Cloud Migration<\/a>.<\/p>\n<p>We offer customized solutions tailored to your individual needs. Contact us today to learn more about our services in the area of <a href=\"https:\/\/35x.de\/en\/services\/digital-transformation\/\">digital transformation<\/a> !<\/p>\t\t\t\t\t\t\t\t<\/div>\n\t\t\t\t<\/div>\n\t\t\t\t\t<\/div>\n\t\t\t\t<\/div>\n\t\t<div class=\"elementor-element elementor-element-43c0d41 e-flex e-con-boxed e-con e-parent\" data-id=\"43c0d41\" data-element_type=\"container\" data-e-type=\"container\">\n\t\t\t\t\t<div class=\"e-con-inner\">\n\t\t\t\t<div class=\"elementor-element elementor-element-9a914f1 elementor-align-center elementor-widget elementor-widget-button\" data-id=\"9a914f1\" data-element_type=\"widget\" data-e-type=\"widget\" data-widget_type=\"button.default\">\n\t\t\t\t<div class=\"elementor-widget-container\">\n\t\t\t\t\t\t\t\t\t<div class=\"elementor-button-wrapper\">\n\t\t\t\t\t<a class=\"elementor-button elementor-button-link elementor-size-sm\" href=\"https:\/\/35x.de\/en\/contact\/\">\n\t\t\t\t\t\t<span class=\"elementor-button-content-wrapper\">\n\t\t\t\t\t\t\t\t\t<span class=\"elementor-button-text\">Schedule an Appointment<\/span>\n\t\t\t\t\t<\/span>\n\t\t\t\t\t<\/a>\n\t\t\t\t<\/div>\n\t\t\t\t\t\t\t\t<\/div>\n\t\t\t\t<\/div>\n\t\t\t\t\t<\/div>\n\t\t\t\t<\/div>\n\t\t\t\t<\/div>","protected":false},"excerpt":{"rendered":"<p>Gesch\u00e4ftsprozessoptimierung durch Digitale Transformation Die digitale Transformation bietet Unternehmen beispiellose M\u00f6glichkeiten zur Gesch\u00e4ftsprozessoptimierung. Durch den Einsatz moderner Technologien wie Cloud Computing, Automatisierung und Datenanalyse k\u00f6nnen wir Ineffizienzen beseitigen, Kosten senken und die Agilit\u00e4t Ihres Unternehmens steigern. 35x unterst\u00fctzt Sie dabei, diese Potenziale voll auszusch\u00f6pfen und Ihre Prozesse fit f\u00fcr die Zukunft zu machen. Die Herausforderungen [&hellip;]<\/p>\n","protected":false},"author":2,"featured_media":1186,"parent":20,"menu_order":0,"comment_status":"closed","ping_status":"closed","template":"","meta":{"_uag_custom_page_level_css":"","site-sidebar-layout":"no-sidebar","site-content-layout":"","ast-site-content-layout":"default","site-content-style":"default","site-sidebar-style":"default","ast-global-header-display":"","ast-banner-title-visibility":"","ast-main-header-display":"","ast-hfb-above-header-display":"","ast-hfb-below-header-display":"","ast-hfb-mobile-header-display":"","site-post-title":"disabled","ast-breadcrumbs-content":"","ast-featured-img":"","footer-sml-layout":"","theme-transparent-header-meta":"","adv-header-id-meta":"","stick-header-meta":"","header-above-stick-meta":"","header-main-stick-meta":"","header-below-stick-meta":"","astra-migrate-meta-layouts":"default","ast-page-background-enabled":"default","ast-page-background-meta":{"desktop":{"background-color":"var(--ast-global-color-5)","background-image":"","background-repeat":"repeat","background-position":"center center","background-size":"auto","background-attachment":"scroll","background-type":"","background-media":"","overlay-type":"","overlay-color":"","overlay-opacity":"","overlay-gradient":""},"tablet":{"background-color":"","background-image":"","background-repeat":"repeat","background-position":"center center","background-size":"auto","background-attachment":"scroll","background-type":"","background-media":"","overlay-type":"","overlay-color":"","overlay-opacity":"","overlay-gradient":""},"mobile":{"background-color":"","background-image":"","background-repeat":"repeat","background-position":"center center","background-size":"auto","background-attachment":"scroll","background-type":"","background-media":"","overlay-type":"","overlay-color":"","overlay-opacity":"","overlay-gradient":""}},"ast-content-background-meta":{"desktop":{"background-color":"var(--ast-global-color-4)","background-image":"","background-repeat":"repeat","background-position":"center center","background-size":"auto","background-attachment":"scroll","background-type":"","background-media":"","overlay-type":"","overlay-color":"","overlay-opacity":"","overlay-gradient":""},"tablet":{"background-color":"var(--ast-global-color-4)","background-image":"","background-repeat":"repeat","background-position":"center center","background-size":"auto","background-attachment":"scroll","background-type":"","background-media":"","overlay-type":"","overlay-color":"","overlay-opacity":"","overlay-gradient":""},"mobile":{"background-color":"var(--ast-global-color-4)","background-image":"","background-repeat":"repeat","background-position":"center center","background-size":"auto","background-attachment":"scroll","background-type":"","background-media":"","overlay-type":"","overlay-color":"","overlay-opacity":"","overlay-gradient":""}},"footnotes":""},"class_list":["post-1166","page","type-page","status-publish","has-post-thumbnail","hentry"],"uagb_featured_image_src":{"full":["https:\/\/35x.de\/wp-content\/uploads\/2025\/03\/optmierung-01.jpg",1280,853,false],"thumbnail":["https:\/\/35x.de\/wp-content\/uploads\/2025\/03\/optmierung-01-150x150.jpg",150,150,true],"medium":["https:\/\/35x.de\/wp-content\/uploads\/2025\/03\/optmierung-01-300x200.jpg",300,200,true],"medium_large":["https:\/\/35x.de\/wp-content\/uploads\/2025\/03\/optmierung-01-768x512.jpg",768,512,true],"large":["https:\/\/35x.de\/wp-content\/uploads\/2025\/03\/optmierung-01-1024x682.jpg",1024,682,true],"1536x1536":["https:\/\/35x.de\/wp-content\/uploads\/2025\/03\/optmierung-01.jpg",1280,853,false],"2048x2048":["https:\/\/35x.de\/wp-content\/uploads\/2025\/03\/optmierung-01.jpg",1280,853,false],"trp-custom-language-flag":["https:\/\/35x.de\/wp-content\/uploads\/2025\/03\/optmierung-01-18x12.jpg",18,12,true]},"uagb_author_info":{"display_name":"Susanne Lau","author_link":"https:\/\/35x.de\/en\/author\/sl\/"},"uagb_comment_info":0,"uagb_excerpt":"Gesch\u00e4ftsprozessoptimierung durch Digitale Transformation Die digitale Transformation bietet Unternehmen beispiellose M\u00f6glichkeiten zur Gesch\u00e4ftsprozessoptimierung. Durch den Einsatz moderner Technologien wie Cloud Computing, Automatisierung und Datenanalyse k\u00f6nnen wir Ineffizienzen beseitigen, Kosten senken und die Agilit\u00e4t Ihres Unternehmens steigern. 35x unterst\u00fctzt Sie dabei, diese Potenziale voll auszusch\u00f6pfen und Ihre Prozesse fit f\u00fcr die Zukunft zu machen. Die Herausforderungen&hellip;","_links":{"self":[{"href":"https:\/\/35x.de\/en\/wp-json\/wp\/v2\/pages\/1166","targetHints":{"allow":["GET"]}}],"collection":[{"href":"https:\/\/35x.de\/en\/wp-json\/wp\/v2\/pages"}],"about":[{"href":"https:\/\/35x.de\/en\/wp-json\/wp\/v2\/types\/page"}],"author":[{"embeddable":true,"href":"https:\/\/35x.de\/en\/wp-json\/wp\/v2\/users\/2"}],"replies":[{"embeddable":true,"href":"https:\/\/35x.de\/en\/wp-json\/wp\/v2\/comments?post=1166"}],"version-history":[{"count":25,"href":"https:\/\/35x.de\/en\/wp-json\/wp\/v2\/pages\/1166\/revisions"}],"predecessor-version":[{"id":2399,"href":"https:\/\/35x.de\/en\/wp-json\/wp\/v2\/pages\/1166\/revisions\/2399"}],"up":[{"embeddable":true,"href":"https:\/\/35x.de\/en\/wp-json\/wp\/v2\/pages\/20"}],"wp:featuredmedia":[{"embeddable":true,"href":"https:\/\/35x.de\/en\/wp-json\/wp\/v2\/media\/1186"}],"wp:attachment":[{"href":"https:\/\/35x.de\/en\/wp-json\/wp\/v2\/media?parent=1166"}],"curies":[{"name":"wp","href":"https:\/\/api.w.org\/{rel}","templated":true}]}}