{"id":167,"date":"2023-07-31T13:37:46","date_gmt":"2023-07-31T11:37:46","guid":{"rendered":"https:\/\/35x.de\/?page_id=167"},"modified":"2025-07-21T15:44:31","modified_gmt":"2025-07-21T13:44:31","slug":"job-advertisement-cloud-architect-m-f-d","status":"publish","type":"page","link":"https:\/\/35x.de\/en\/career\/job-advertisement-cloud-architect-m-f-d\/","title":{"rendered":"Job advertisement: Cloud Architect (m\/f\/d)"},"content":{"rendered":"<div data-elementor-type=\"wp-page\" data-elementor-id=\"167\" class=\"elementor elementor-167\">\n\t\t\t\t<div class=\"elementor-element elementor-element-f519ae2 e-flex e-con-boxed e-con e-parent\" data-id=\"f519ae2\" data-element_type=\"container\">\n\t\t\t\t\t<div class=\"e-con-inner\">\n\t\t\t\t<div class=\"elementor-element elementor-element-60c7f1a elementor-widget elementor-widget-heading\" data-id=\"60c7f1a\" data-element_type=\"widget\" data-widget_type=\"heading.default\">\n\t\t\t\t<div class=\"elementor-widget-container\">\n\t\t\t\t\t<h1 class=\"elementor-heading-title elementor-size-default\">Job advertisement: Cloud Architect (m\/f\/d)<\/h1>\t\t\t\t<\/div>\n\t\t\t\t<\/div>\n\t\t\t\t\t<\/div>\n\t\t\t\t<\/div>\n\t\t<div class=\"elementor-element elementor-element-a5e8390 e-flex e-con-boxed e-con e-parent\" data-id=\"a5e8390\" data-element_type=\"container\">\n\t\t\t\t\t<div class=\"e-con-inner\">\n\t\t\t\t<div class=\"elementor-element elementor-element-2d2538e elementor-widget elementor-widget-heading\" data-id=\"2d2538e\" data-element_type=\"widget\" data-widget_type=\"heading.default\">\n\t\t\t\t<div class=\"elementor-widget-container\">\n\t\t\t\t\t<h3 class=\"elementor-heading-title elementor-size-default\">Who we are<\/h3>\t\t\t\t<\/div>\n\t\t\t\t<\/div>\n\t\t\t\t\t<\/div>\n\t\t\t\t<\/div>\n\t\t<div class=\"elementor-element elementor-element-5551ffb e-flex e-con-boxed e-con e-parent\" data-id=\"5551ffb\" data-element_type=\"container\">\n\t\t\t\t\t<div class=\"e-con-inner\">\n\t\t\t\t<div class=\"elementor-element elementor-element-fbc0df0 elementor-widget elementor-widget-text-editor\" data-id=\"fbc0df0\" data-element_type=\"widget\" data-widget_type=\"text-editor.default\">\n\t\t\t\t<div class=\"elementor-widget-container\">\n\t\t\t\t\t\t\t\t\t<p>There are many advantages <strong>35x GmbH<\/strong> is a growth-oriented IT consulting company with a clear focus: We bring our customers closer to their customers through smart <strong>Cloud solutions<\/strong> and <strong>digital transformation<\/strong> noticeably. Scalability, security and efficiency are at the heart of our projects, from architecture and migration to ongoing optimization.<\/p>\t\t\t\t\t\t\t\t<\/div>\n\t\t\t\t<\/div>\n\t\t\t\t\t<\/div>\n\t\t\t\t<\/div>\n\t\t<div class=\"elementor-element elementor-element-dab300e e-flex e-con-boxed e-con e-parent\" data-id=\"dab300e\" data-element_type=\"container\">\n\t\t\t\t\t<div class=\"e-con-inner\">\n\t\t\t\t<div class=\"elementor-element elementor-element-38d0a43 elementor-widget elementor-widget-text-editor\" data-id=\"38d0a43\" data-element_type=\"widget\" data-widget_type=\"text-editor.default\">\n\t\t\t\t<div class=\"elementor-widget-container\">\n\t\t\t\t\t\t\t\t\t<p>In order to continue to grow and make our customers even more successful, we are looking for you: an experienced and motivated <strong>Cloud Architects (m\/f\/d)<\/strong>who not only builds systems, but also drives ideas forward.<\/p>\t\t\t\t\t\t\t\t<\/div>\n\t\t\t\t<\/div>\n\t\t\t\t\t<\/div>\n\t\t\t\t<\/div>\n\t\t<div class=\"elementor-element elementor-element-3c5169e e-flex e-con-boxed e-con e-parent\" data-id=\"3c5169e\" data-element_type=\"container\">\n\t\t\t\t\t<div class=\"e-con-inner\">\n\t\t\t\t<div class=\"elementor-element elementor-element-7a3c036 elementor-widget elementor-widget-heading\" data-id=\"7a3c036\" data-element_type=\"widget\" data-widget_type=\"heading.default\">\n\t\t\t\t<div class=\"elementor-widget-container\">\n\t\t\t\t\t<h3 class=\"elementor-heading-title elementor-size-default\">What you can expect from us<\/h3>\t\t\t\t<\/div>\n\t\t\t\t<\/div>\n\t\t\t\t<div class=\"elementor-element elementor-element-feda9c1 elementor-widget elementor-widget-text-editor\" data-id=\"feda9c1\" data-element_type=\"widget\" data-widget_type=\"text-editor.default\">\n\t\t\t\t<div class=\"elementor-widget-container\">\n\t\t\t\t\t\t\t\t\t<ul>\n<li><strong>Design:<\/strong> Analysis of customer requirements and development of customized cloud architectures<\/li>\n<li><strong>Development:<\/strong> Planning and implementation of scalable, secure and highly available cloud infrastructures<\/li>\n<li><strong>Consulting:<\/strong> Customer-oriented advice on services, architecture decisions and best practices<\/li>\n<li><strong>Integration:<\/strong> Carrying out migrations and connecting existing systems to modern cloud environments<\/li>\n<li><strong>Optimization:<\/strong> Ongoing further development of existing architectures in line with current trends and standards<\/li>\n<li><strong>Teamwork:<\/strong> Close cooperation with colleagues, partners and customers on an equal footing<\/li>\n<\/ul>\t\t\t\t\t\t\t\t<\/div>\n\t\t\t\t<\/div>\n\t\t\t\t\t<\/div>\n\t\t\t\t<\/div>\n\t\t<div class=\"elementor-element elementor-element-6953ca7 e-flex e-con-boxed e-con e-parent\" data-id=\"6953ca7\" data-element_type=\"container\">\n\t\t\t\t\t<div class=\"e-con-inner\">\n\t\t\t\t<div class=\"elementor-element elementor-element-af13a6d elementor-widget elementor-widget-heading\" data-id=\"af13a6d\" data-element_type=\"widget\" data-widget_type=\"heading.default\">\n\t\t\t\t<div class=\"elementor-widget-container\">\n\t\t\t\t\t<h3 class=\"elementor-heading-title elementor-size-default\">What you should bring with you<\/h3>\t\t\t\t<\/div>\n\t\t\t\t<\/div>\n\t\t\t\t<div class=\"elementor-element elementor-element-ebbda05 elementor-widget elementor-widget-text-editor\" data-id=\"ebbda05\" data-element_type=\"widget\" data-widget_type=\"text-editor.default\">\n\t\t\t\t<div class=\"elementor-widget-container\">\n\t\t\t\t\t\t\t\t\t<ul>\n<li><strong>Professional experience:<\/strong> At least 3 years as a Cloud Architect (m\/f\/d) or in a comparable technical role<\/li>\n<li><strong>Language skills:<\/strong> Fluent German (C2) and very good English (at least B2)<\/li>\n<li><strong>Technical know-how:<\/strong> Sound knowledge in the design of cloud architectures and the integration of on-premise and cloud environments<\/li>\n<li><strong>DevOps mindset:<\/strong> Experience with tools such as Docker, Kubernetes or Jenkins<\/li>\n<li><strong>Education:<\/strong> A degree in (business) informatics or a comparable qualification<\/li>\n<li><strong>Personality:<\/strong> Independent, solution-oriented and communicative, with the desire to really make a difference<\/li><li><strong style=\"font-style: inherit;\">Nice to have:<\/strong><span style=\"font-style: inherit; font-weight: inherit;\"> Cloud certifications (e.g. AWS) are a plus, but not a must<\/span><\/li><\/ul>\t\t\t\t\t\t\t\t<\/div>\n\t\t\t\t<\/div>\n\t\t\t\t\t<\/div>\n\t\t\t\t<\/div>\n\t\t<div class=\"elementor-element elementor-element-c41baac e-flex e-con-boxed e-con e-parent\" data-id=\"c41baac\" data-element_type=\"container\">\n\t\t\t\t\t<div class=\"e-con-inner\">\n\t\t\t\t<div class=\"elementor-element elementor-element-52500fb elementor-widget elementor-widget-heading\" data-id=\"52500fb\" data-element_type=\"widget\" data-widget_type=\"heading.default\">\n\t\t\t\t<div class=\"elementor-widget-container\">\n\t\t\t\t\t<h3 class=\"elementor-heading-title elementor-size-default\">What we offer you<\/h3>\t\t\t\t<\/div>\n\t\t\t\t<\/div>\n\t\t\t\t<div class=\"elementor-element elementor-element-15de870 elementor-widget elementor-widget-text-editor\" data-id=\"15de870\" data-element_type=\"widget\" data-widget_type=\"text-editor.default\">\n\t\t\t\t<div class=\"elementor-widget-container\">\n\t\t\t\t\t\t\t\t\t<ul>\n<li><strong>Flexible working:<\/strong> Predominantly remote (approx. 80 %), with project-related attendance days and flexible flexitime arrangements<\/li>\n<li><strong>room for maneuver:<\/strong> Contribute your ideas and actively shape our cloud strategy<\/li>\n<li><strong>Modern culture:<\/strong> Flat hierarchies, open communication and trust<\/li>\n<li><strong>Growth:<\/strong> Further education, training and personal mentoring<\/li>\n<li><strong>Security:<\/strong> Permanent position with attractive remuneration<\/li>\n<\/ul>\t\t\t\t\t\t\t\t<\/div>\n\t\t\t\t<\/div>\n\t\t\t\t\t<\/div>\n\t\t\t\t<\/div>\n\t\t<div class=\"elementor-element elementor-element-898e285 e-flex e-con-boxed e-con e-parent\" data-id=\"898e285\" data-element_type=\"container\">\n\t\t\t\t\t<div class=\"e-con-inner\">\n\t\t\t\t<div class=\"elementor-element elementor-element-32791c1 elementor-widget elementor-widget-heading\" data-id=\"32791c1\" data-element_type=\"widget\" data-widget_type=\"heading.default\">\n\t\t\t\t<div class=\"elementor-widget-container\">\n\t\t\t\t\t<h3 class=\"elementor-heading-title elementor-size-default\">Become part of our team<\/h3>\t\t\t\t<\/div>\n\t\t\t\t<\/div>\n\t\t\t\t<div class=\"elementor-element elementor-element-3056711 elementor-widget elementor-widget-text-editor\" data-id=\"3056711\" data-element_type=\"widget\" data-widget_type=\"text-editor.default\">\n\t\t\t\t<div class=\"elementor-widget-container\">\n\t\t\t\t\t\t\t\t\t<p>If you are passionate about cloud technologies and want to make a big difference in a small, innovative team, we look forward to receiving your application!<\/p>\n<p>Please send us your CV and relevant references: <strong>jobs@35x.de<\/strong><\/p>\t\t\t\t\t\t\t\t<\/div>\n\t\t\t\t<\/div>\n\t\t\t\t\t<\/div>\n\t\t\t\t<\/div>\n\t\t\t\t<\/div>","protected":false},"excerpt":{"rendered":"<p>Job advertisement: Cloud Architect (m\/f\/d) Who we are 35x GmbH is a growth-oriented IT consulting company with a clear focus: We help our customers make tangible progress through smart cloud solutions and digital transformation. Scalability, security and efficiency are at the heart of our projects, from architecture and migration to ongoing optimization. In order to continue to grow and [...]<\/p>","protected":false},"author":1,"featured_media":598,"parent":57,"menu_order":0,"comment_status":"closed","ping_status":"closed","template":"","meta":{"_uag_custom_page_level_css":"","site-sidebar-layout":"default","site-content-layout":"","ast-site-content-layout":"default","site-content-style":"default","site-sidebar-style":"default","ast-global-header-display":"","ast-banner-title-visibility":"","ast-main-header-display":"","ast-hfb-above-header-display":"","ast-hfb-below-header-display":"","ast-hfb-mobile-header-display":"","site-post-title":"","ast-breadcrumbs-content":"","ast-featured-img":"","footer-sml-layout":"","theme-transparent-header-meta":"","adv-header-id-meta":"","stick-header-meta":"","header-above-stick-meta":"","header-main-stick-meta":"","header-below-stick-meta":"","astra-migrate-meta-layouts":"default","ast-page-background-enabled":"default","ast-page-background-meta":{"desktop":{"background-color":"var(--ast-global-color-5)","background-image":"","background-repeat":"repeat","background-position":"center center","background-size":"auto","background-attachment":"scroll","background-type":"","background-media":"","overlay-type":"","overlay-color":"","overlay-opacity":"","overlay-gradient":""},"tablet":{"background-color":"","background-image":"","background-repeat":"repeat","background-position":"center center","background-size":"auto","background-attachment":"scroll","background-type":"","background-media":"","overlay-type":"","overlay-color":"","overlay-opacity":"","overlay-gradient":""},"mobile":{"background-color":"","background-image":"","background-repeat":"repeat","background-position":"center center","background-size":"auto","background-attachment":"scroll","background-type":"","background-media":"","overlay-type":"","overlay-color":"","overlay-opacity":"","overlay-gradient":""}},"ast-content-background-meta":{"desktop":{"background-color":"var(--ast-global-color-4)","background-image":"","background-repeat":"repeat","background-position":"center center","background-size":"auto","background-attachment":"scroll","background-type":"","background-media":"","overlay-type":"","overlay-color":"","overlay-opacity":"","overlay-gradient":""},"tablet":{"background-color":"var(--ast-global-color-4)","background-image":"","background-repeat":"repeat","background-position":"center center","background-size":"auto","background-attachment":"scroll","background-type":"","background-media":"","overlay-type":"","overlay-color":"","overlay-opacity":"","overlay-gradient":""},"mobile":{"background-color":"var(--ast-global-color-4)","background-image":"","background-repeat":"repeat","background-position":"center center","background-size":"auto","background-attachment":"scroll","background-type":"","background-media":"","overlay-type":"","overlay-color":"","overlay-opacity":"","overlay-gradient":""}},"footnotes":""},"class_list":["post-167","page","type-page","status-publish","has-post-thumbnail","hentry"],"uagb_featured_image_src":{"full":["https:\/\/35x.de\/wp-content\/uploads\/2025\/02\/Working_1200px.webp",1200,628,false],"thumbnail":["https:\/\/35x.de\/wp-content\/uploads\/2025\/02\/Working_1200px-150x150.webp",150,150,true],"medium":["https:\/\/35x.de\/wp-content\/uploads\/2025\/02\/Working_1200px-300x157.webp",300,157,true],"medium_large":["https:\/\/35x.de\/wp-content\/uploads\/2025\/02\/Working_1200px-768x402.webp",768,402,true],"large":["https:\/\/35x.de\/wp-content\/uploads\/2025\/02\/Working_1200px-1024x536.webp",1024,536,true],"1536x1536":["https:\/\/35x.de\/wp-content\/uploads\/2025\/02\/Working_1200px.webp",1200,628,false],"2048x2048":["https:\/\/35x.de\/wp-content\/uploads\/2025\/02\/Working_1200px.webp",1200,628,false],"trp-custom-language-flag":["https:\/\/35x.de\/wp-content\/uploads\/2025\/02\/Working_1200px-18x9.webp",18,9,true]},"uagb_author_info":{"display_name":"Thomas Ristic","author_link":"https:\/\/35x.de\/en\/author\/admin\/"},"uagb_comment_info":0,"uagb_excerpt":"Stellenausschreibung: Cloud Architekt (m\/w\/d) Wer wir sind Die 35x GmbH ist ein wachstumsorientiertes IT-Beratungsunternehmen mit einem klaren Fokus: Wir bringen unsere Kunden durch smarte Cloud-L\u00f6sungen und digitale Transformation sp\u00fcrbar voran. Dabei stehen Skalierbarkeit, Sicherheit und Effizienz im Zentrum unserer Projekte, von der Architektur \u00fcber die Migration bis zur laufenden Optimierung. Um weiter zu wachsen und&hellip;","_links":{"self":[{"href":"https:\/\/35x.de\/en\/wp-json\/wp\/v2\/pages\/167","targetHints":{"allow":["GET"]}}],"collection":[{"href":"https:\/\/35x.de\/en\/wp-json\/wp\/v2\/pages"}],"about":[{"href":"https:\/\/35x.de\/en\/wp-json\/wp\/v2\/types\/page"}],"author":[{"embeddable":true,"href":"https:\/\/35x.de\/en\/wp-json\/wp\/v2\/users\/1"}],"replies":[{"embeddable":true,"href":"https:\/\/35x.de\/en\/wp-json\/wp\/v2\/comments?post=167"}],"version-history":[{"count":31,"href":"https:\/\/35x.de\/en\/wp-json\/wp\/v2\/pages\/167\/revisions"}],"predecessor-version":[{"id":2805,"href":"https:\/\/35x.de\/en\/wp-json\/wp\/v2\/pages\/167\/revisions\/2805"}],"up":[{"embeddable":true,"href":"https:\/\/35x.de\/en\/wp-json\/wp\/v2\/pages\/57"}],"wp:featuredmedia":[{"embeddable":true,"href":"https:\/\/35x.de\/en\/wp-json\/wp\/v2\/media\/598"}],"wp:attachment":[{"href":"https:\/\/35x.de\/en\/wp-json\/wp\/v2\/media?parent=167"}],"curies":[{"name":"wp","href":"https:\/\/api.w.org\/{rel}","templated":true}]}}