{"id":54,"date":"2023-05-05T09:50:39","date_gmt":"2023-05-05T09:50:39","guid":{"rendered":"https:\/\/35x.de\/?page_id=54"},"modified":"2025-06-18T16:18:18","modified_gmt":"2025-06-18T14:18:18","slug":"imprint","status":"publish","type":"page","link":"https:\/\/35x.de\/en\/imprint\/","title":{"rendered":"Site Notice"},"content":{"rendered":"<div data-elementor-type=\"wp-page\" data-elementor-id=\"54\" class=\"elementor elementor-54\">\n\t\t\t\t<div class=\"elementor-element elementor-element-ea15699 e-flex e-con-boxed e-con e-parent\" data-id=\"ea15699\" data-element_type=\"container\" data-e-type=\"container\">\n\t\t\t\t\t<div class=\"e-con-inner\">\n\t\t\t\t<div class=\"elementor-element elementor-element-cc0dd96 elementor-widget elementor-widget-heading\" data-id=\"cc0dd96\" data-element_type=\"widget\" data-e-type=\"widget\" data-widget_type=\"heading.default\">\n\t\t\t\t<div class=\"elementor-widget-container\">\n\t\t\t\t\t<h1 class=\"elementor-heading-title elementor-size-default\">Site Notice<\/h1>\t\t\t\t<\/div>\n\t\t\t\t<\/div>\n\t\t\t\t\t<\/div>\n\t\t\t\t<\/div>\n\t\t<div class=\"elementor-element elementor-element-4ac2422c e-flex e-con-boxed e-con e-parent\" data-id=\"4ac2422c\" data-element_type=\"container\" data-e-type=\"container\">\n\t\t\t\t\t<div class=\"e-con-inner\">\n\t\t\t\t<div class=\"elementor-element elementor-element-263d774d elementor-widget elementor-widget-text-editor\" data-id=\"263d774d\" data-element_type=\"widget\" data-e-type=\"widget\" data-widget_type=\"text-editor.default\">\n\t\t\t\t<div class=\"elementor-widget-container\">\n\t\t\t\t\t\t\t\t\t\n<figure class=\"wp-block-image size-full is-resized\"><img fetchpriority=\"high\" decoding=\"async\" class=\"alignright wp-image-82\" src=\"https:\/\/35x.de\/wp-content\/uploads\/2023\/05\/logo1.png\" alt=\"\" width=\"372\" height=\"247\" srcset=\"https:\/\/35x.de\/wp-content\/uploads\/2023\/05\/logo1.png 952w, https:\/\/35x.de\/wp-content\/uploads\/2023\/05\/logo1-300x199.png 300w, https:\/\/35x.de\/wp-content\/uploads\/2023\/05\/logo1-768x510.png 768w, https:\/\/35x.de\/wp-content\/uploads\/2023\/05\/logo1-18x12.png 18w, https:\/\/35x.de\/wp-content\/uploads\/2023\/05\/logo1-150x100.png 150w\" sizes=\"(max-width: 372px) 100vw, 372px\" \/><\/figure>\n\n<h2 class=\"wp-block-heading\">Mandatory Information and Legal Notices:<\/h2>\n\n<h2 class=\"wp-block-heading\">Information according to \u00a7 5 TMG:<\/h2>\n\n<p>35x GmbH<br \/>Marketplace 1<br \/>90616 Neuhof an der Zenn<\/p>\n\n<h2 class=\"wp-block-heading\">Managing Director of the Company:<\/h2>\n\n<p>Thomas Ristic<\/p>\n\n<h2 class=\"wp-block-heading\">Contact:<\/h2>\n\n<p>Telephone: +49 9107 9259722<br \/>E-mail: info@35x.de<br \/>Website: http:\/\/35x.de<\/p>\n\n<p>VAT Identification Number according to \u00a7 27 a<br \/>VAT Act: DE287361143<\/p>\n\n<h2 class=\"wp-block-heading\">Register Entry:<\/h2>\n\n<p>Local Court F\u00fcrth HRB 13848, registered office F\u00fcrth.<\/p>\n\n<h2 class=\"wp-block-heading\">Provisions<\/h2>\n\n<p>Our general terms and conditions apply: <a href=\"https:\/\/35x.de\/en\/agb\/\" data-type=\"page\" data-id=\"38\">General Terms and Conditions<\/a>.<\/p>\n\n<p>Liability Notice: Despite carefully verifying the contents, we do not assume any liability for the contents of links to external websites. Responsibility for the contents of these external sites rests solely with the respective site owners.<\/p>\n\n<p>Legal notice: The EU has created an online procedure for the settlement of disputes between traders and consumers. You can find information on this at <a href=\"https:\/\/ec.europa.eu\/consumers\/odr\/\" target=\"_blank\" rel=\"noopener\">https:\/\/ec.europa.eu\/consumers\/odr\/<\/a><\/p>\n\n<p>35x GmbH does not participate in dispute resolution proceedings before a consumer arbitration board.<\/p>\n\n<p>The <a href=\"https:\/\/35x.de\/en\/privacy-policy\/\" data-type=\"page\" data-id=\"3\">privacy policy<\/a> of 35x GmbH applies.<\/p>\n\t\t\t\t\t\t\t\t<\/div>\n\t\t\t\t<\/div>\n\t\t\t\t\t<\/div>\n\t\t\t\t<\/div>\n\t\t\t\t<\/div>","protected":false},"excerpt":{"rendered":"<p>Impressum Pflichtangaben und Rechtliches: Angaben gem\u00e4\u00df \u00a7 5 TMG: 35x GmbHMarktplatz 190616 Neuhof an der Zenn Gesch\u00e4ftsf\u00fchrer der Gesellschaft: Thomas Ristic Kontakt: Telefon: +49 9107 9259722E-Mail: info@35x.deInternet: http:\/\/35x.de Umsatzsteuer-Identifikationsnummer gem\u00e4\u00df \u00a7 27 aUmsatzsteuergesetz: DE287361143 Registereintrag: Amtsgericht F\u00fcrth HRB 13848, Sitz F\u00fcrth. Bestimmungen Es gelten unsere Allgemeinen Gesch\u00e4ftsbedingungen. Haftungshinweis: Trotz sorgf\u00e4ltiger inhaltlicher Kontrolle \u00fcbernehmen wir keine [&hellip;]<\/p>\n","protected":false},"author":1,"featured_media":603,"parent":0,"menu_order":0,"comment_status":"closed","ping_status":"closed","template":"","meta":{"_uag_custom_page_level_css":"","site-sidebar-layout":"default","site-content-layout":"","ast-site-content-layout":"default","site-content-style":"default","site-sidebar-style":"default","ast-global-header-display":"","ast-banner-title-visibility":"","ast-main-header-display":"","ast-hfb-above-header-display":"","ast-hfb-below-header-display":"","ast-hfb-mobile-header-display":"","site-post-title":"","ast-breadcrumbs-content":"","ast-featured-img":"","footer-sml-layout":"","theme-transparent-header-meta":"","adv-header-id-meta":"","stick-header-meta":"","header-above-stick-meta":"","header-main-stick-meta":"","header-below-stick-meta":"","astra-migrate-meta-layouts":"default","ast-page-background-enabled":"default","ast-page-background-meta":{"desktop":{"background-color":"var(--ast-global-color-5)","background-image":"","background-repeat":"repeat","background-position":"center center","background-size":"auto","background-attachment":"scroll","background-type":"","background-media":"","overlay-type":"","overlay-color":"","overlay-opacity":"","overlay-gradient":""},"tablet":{"background-color":"","background-image":"","background-repeat":"repeat","background-position":"center center","background-size":"auto","background-attachment":"scroll","background-type":"","background-media":"","overlay-type":"","overlay-color":"","overlay-opacity":"","overlay-gradient":""},"mobile":{"background-color":"","background-image":"","background-repeat":"repeat","background-position":"center center","background-size":"auto","background-attachment":"scroll","background-type":"","background-media":"","overlay-type":"","overlay-color":"","overlay-opacity":"","overlay-gradient":""}},"ast-content-background-meta":{"desktop":{"background-color":"var(--ast-global-color-4)","background-image":"","background-repeat":"repeat","background-position":"center center","background-size":"auto","background-attachment":"scroll","background-type":"","background-media":"","overlay-type":"","overlay-color":"","overlay-opacity":"","overlay-gradient":""},"tablet":{"background-color":"var(--ast-global-color-4)","background-image":"","background-repeat":"repeat","background-position":"center center","background-size":"auto","background-attachment":"scroll","background-type":"","background-media":"","overlay-type":"","overlay-color":"","overlay-opacity":"","overlay-gradient":""},"mobile":{"background-color":"var(--ast-global-color-4)","background-image":"","background-repeat":"repeat","background-position":"center center","background-size":"auto","background-attachment":"scroll","background-type":"","background-media":"","overlay-type":"","overlay-color":"","overlay-opacity":"","overlay-gradient":""}},"footnotes":""},"class_list":["post-54","page","type-page","status-publish","has-post-thumbnail","hentry"],"uagb_featured_image_src":{"full":["https:\/\/35x.de\/wp-content\/uploads\/2025\/02\/impressum.webp",1200,628,false],"thumbnail":["https:\/\/35x.de\/wp-content\/uploads\/2025\/02\/impressum-150x150.webp",150,150,true],"medium":["https:\/\/35x.de\/wp-content\/uploads\/2025\/02\/impressum-300x157.webp",300,157,true],"medium_large":["https:\/\/35x.de\/wp-content\/uploads\/2025\/02\/impressum-768x402.webp",768,402,true],"large":["https:\/\/35x.de\/wp-content\/uploads\/2025\/02\/impressum-1024x536.webp",1024,536,true],"1536x1536":["https:\/\/35x.de\/wp-content\/uploads\/2025\/02\/impressum.webp",1200,628,false],"2048x2048":["https:\/\/35x.de\/wp-content\/uploads\/2025\/02\/impressum.webp",1200,628,false],"trp-custom-language-flag":["https:\/\/35x.de\/wp-content\/uploads\/2025\/02\/impressum-18x9.webp",18,9,true]},"uagb_author_info":{"display_name":"Thomas Ristic","author_link":"https:\/\/35x.de\/en\/author\/admin\/"},"uagb_comment_info":0,"uagb_excerpt":"Impressum Pflichtangaben und Rechtliches: Angaben gem\u00e4\u00df \u00a7 5 TMG: 35x GmbHMarktplatz 190616 Neuhof an der Zenn Gesch\u00e4ftsf\u00fchrer der Gesellschaft: Thomas Ristic Kontakt: Telefon: +49 9107 9259722E-Mail: info@35x.deInternet: http:\/\/35x.de Umsatzsteuer-Identifikationsnummer gem\u00e4\u00df \u00a7 27 aUmsatzsteuergesetz: DE287361143 Registereintrag: Amtsgericht F\u00fcrth HRB 13848, Sitz F\u00fcrth. Bestimmungen Es gelten unsere Allgemeinen Gesch\u00e4ftsbedingungen. Haftungshinweis: Trotz sorgf\u00e4ltiger inhaltlicher Kontrolle \u00fcbernehmen wir keine&hellip;","_links":{"self":[{"href":"https:\/\/35x.de\/en\/wp-json\/wp\/v2\/pages\/54","targetHints":{"allow":["GET"]}}],"collection":[{"href":"https:\/\/35x.de\/en\/wp-json\/wp\/v2\/pages"}],"about":[{"href":"https:\/\/35x.de\/en\/wp-json\/wp\/v2\/types\/page"}],"author":[{"embeddable":true,"href":"https:\/\/35x.de\/en\/wp-json\/wp\/v2\/users\/1"}],"replies":[{"embeddable":true,"href":"https:\/\/35x.de\/en\/wp-json\/wp\/v2\/comments?post=54"}],"version-history":[{"count":16,"href":"https:\/\/35x.de\/en\/wp-json\/wp\/v2\/pages\/54\/revisions"}],"predecessor-version":[{"id":2721,"href":"https:\/\/35x.de\/en\/wp-json\/wp\/v2\/pages\/54\/revisions\/2721"}],"wp:featuredmedia":[{"embeddable":true,"href":"https:\/\/35x.de\/en\/wp-json\/wp\/v2\/media\/603"}],"wp:attachment":[{"href":"https:\/\/35x.de\/en\/wp-json\/wp\/v2\/media?parent=54"}],"curies":[{"name":"wp","href":"https:\/\/api.w.org\/{rel}","templated":true}]}}